{"id":24,"date":"2017-08-17T02:55:41","date_gmt":"2017-08-17T02:55:41","guid":{"rendered":"http:\/\/vandalosmcinternacional.com\/?page_id=24"},"modified":"2023-11-10T16:13:04","modified_gmt":"2023-11-10T16:13:04","slug":"quienes-somos","status":"publish","type":"page","link":"https:\/\/vandalosmcinternacional.com\/?page_id=24","title":{"rendered":"\u00bfQuienes Somos?"},"content":{"rendered":"<p>Somos un Club biker originario del sur de la capital costarricense. Nace un 20 de abril del a\u00f1o 2009, caracteriz\u00e1ndose por el calor humano de sus integrantes, amantes de la fiesta que rodea el ambiente biker de este pa\u00eds centroamericano. Llega a formar parte de los MC que integran la ACRMC en el a\u00f1o 2013 fecha en la que da a conocer sus colores con el objetivo de hacer honor al respeto ostentando entre los MC que ruedan por la regi\u00f3n, con el debido manejo de los protocolos que ello implica.<\/p>\n<p>\u200b<img loading=\"lazy\" decoding=\"async\" class=\"wp-image-44 aligncenter\" src=\"http:\/\/vandalosmcinternacional.com\/wp-content\/uploads\/2017\/08\/escudosfondo.png\" alt=\"\" width=\"158\" height=\"239\" srcset=\"https:\/\/vandalosmcinternacional.com\/wp-content\/uploads\/2017\/08\/escudosfondo.png 234w, https:\/\/vandalosmcinternacional.com\/wp-content\/uploads\/2017\/08\/escudosfondo-198x300.png 198w\" sizes=\"auto, (max-width: 158px) 100vw, 158px\" \/><\/p>\n<h2><\/h2>\n<p>Vandalos viaja hacia un rumbo distinto cada Domingo lo cual le ha llevado a recorrer Costa Rica de punta a punta, en especial con sus frecuentes viajes conocidos como \u00abQuiebra Culos\u00bb en los cuales se establecen rutas cuyo regreso al punto de salida tardan un aproximado de setenta y dos horas. As\u00ed mismo Panam\u00e1, Nicaragua, Honduras, Guatemala,El Salvador, Belice son parte de los pa\u00edses que este Club ha logrado visitar; acumulando valiosas amistades en todos y cada uno de estos pa\u00edses.<\/p>\n","protected":false},"excerpt":{"rendered":"<p>Somos un Club biker originario del sur de la capital costarricense. Nace un 20 de abril del a\u00f1o 2009, caracteriz\u00e1ndose por el calor humano de sus integrantes, amantes de la fiesta que rodea el ambiente biker de este pa\u00eds centroamericano. Llega a formar parte de los MC que integran la ACRMC en el a\u00f1o 2013 [&hellip;]<\/p>\n","protected":false},"author":1,"featured_media":473,"parent":0,"menu_order":0,"comment_status":"closed","ping_status":"closed","template":"","meta":{"footnotes":""},"class_list":["post-24","page","type-page","status-publish","has-post-thumbnail","hentry"],"_links":{"self":[{"href":"https:\/\/vandalosmcinternacional.com\/index.php?rest_route=\/wp\/v2\/pages\/24","targetHints":{"allow":["GET"]}}],"collection":[{"href":"https:\/\/vandalosmcinternacional.com\/index.php?rest_route=\/wp\/v2\/pages"}],"about":[{"href":"https:\/\/vandalosmcinternacional.com\/index.php?rest_route=\/wp\/v2\/types\/page"}],"author":[{"embeddable":true,"href":"https:\/\/vandalosmcinternacional.com\/index.php?rest_route=\/wp\/v2\/users\/1"}],"replies":[{"embeddable":true,"href":"https:\/\/vandalosmcinternacional.com\/index.php?rest_route=%2Fwp%2Fv2%2Fcomments&post=24"}],"version-history":[{"count":16,"href":"https:\/\/vandalosmcinternacional.com\/index.php?rest_route=\/wp\/v2\/pages\/24\/revisions"}],"predecessor-version":[{"id":1071,"href":"https:\/\/vandalosmcinternacional.com\/index.php?rest_route=\/wp\/v2\/pages\/24\/revisions\/1071"}],"wp:featuredmedia":[{"embeddable":true,"href":"https:\/\/vandalosmcinternacional.com\/index.php?rest_route=\/wp\/v2\/media\/473"}],"wp:attachment":[{"href":"https:\/\/vandalosmcinternacional.com\/index.php?rest_route=%2Fwp%2Fv2%2Fmedia&parent=24"}],"curies":[{"name":"wp","href":"https:\/\/api.w.org\/{rel}","templated":true}]}}